{"id":18063,"date":"2025-06-05T14:10:31","date_gmt":"2025-06-05T12:10:31","guid":{"rendered":"https:\/\/poppersparadise.eu\/?post_type=product&#038;p=18063"},"modified":"2026-03-23T15:36:12","modified_gmt":"2026-03-23T14:36:12","slug":"grisejuice-30-ml-poppers","status":"publish","type":"product","link":"https:\/\/poppersparadise.eu\/da\/product\/pig-juice-30ml-poppers\/","title":{"rendered":"Pig Juice 30ml"},"content":{"rendered":"<h2 class=\"wp-block-heading\">Pig Juice 30ml poppers - intensitet og kvalitet siden 1989<\/h2>\n\n\n\n<p>Pig Juice 30ml poppers er et ikonisk produkt, der har v\u00e6ret elsket af kendere i mere end tre \u00e5rtier. Med en kraftig formel og et gener\u00f8st indhold giver dette produkt en intens og langvarig duftoplevelse. Pig Juice er udviklet og fremstillet i Frankrig og garanterer p\u00e5lidelighed og kvalitet.<\/p>\n\n\n\n<h3 class=\"wp-block-heading\">N\u00f8glefunktioner i Pig Juice<\/h3>\n\n\n\n<ul class=\"wp-block-list\">\n<li><strong>Kraftfuld sammens\u00e6tning<\/strong>: En unik blanding af 50 % amylnitrit og 50 % propylnitrit, der giver en intens duftoplevelse.<\/li>\n\n\n\n<li><strong>Gener\u00f8st indhold<\/strong>: 30 ml flaske, ideel til langvarig brug.<\/li>\n\n\n\n<li><strong>Avanceret design<\/strong>: Bred hals for optimal betjening og en praktisk sikkerhedsh\u00e6tte for sikker brug.<\/li>\n\n\n\n<li><strong>Dokumenteret kvalitet<\/strong>: Mere end 30 \u00e5rs erfaring og tilfredse kunder over hele verden.<\/li>\n<\/ul>\n\n\n\n<h3 class=\"wp-block-heading\">Hvordan bruger du Pig Juice?<\/h3>\n\n\n\n<p>Brug kun Pig Juice som duftspreder eller reng\u00f8ringsmiddel. Det er ikke egnet til menneskef\u00f8de og b\u00f8r ikke ind\u00e5ndes. Opbevar produktet p\u00e5 et k\u00f8ligt, m\u00f8rkt sted for at bevare dets kvalitet, og luk flasken t\u00e6t efter brug.<\/p>\n\n\n\n<h3 class=\"wp-block-heading\">Hvorfor Gris Juice er en favorit<\/h3>\n\n\n\n<p>Pig Juice er et legendarisk valg blandt duftspredere. Dens kraftfulde formel, gener\u00f8se indhold og dokumenterede p\u00e5lidelighed g\u00f8r dette produkt til en favorit for dem, der \u00f8nsker en intens og langvarig duftoplevelse.<\/p>\n\n\n\n<h3 class=\"wp-block-heading\">Advarsler<\/h3>\n\n\n\n<p>Meget brandfarlig v\u00e6ske og damp (H225).<br>For\u00e5rsager hud- og \u00f8jenirritation (H315\/H319).<br>Giftig ved ind\u00e5nding (H331).<br>Ikke et l\u00e6gemiddel. Brug p\u00e5 egen risiko.<\/p>\n\n\n\n<h3 class=\"wp-block-heading\">Brug<\/h3>\n\n\n\n<p>Kun beregnet som duftspreder eller reng\u00f8ringsmiddel.<br>Ikke egnet til menneskef\u00f8de og b\u00f8r ikke ind\u00e5ndes.<\/p>\n\n\n\n<h3 class=\"wp-block-heading\">Opbevaring<\/h3>\n\n\n\n<p>Opbevares p\u00e5 et k\u00f8ligt og t\u00f8rt sted. Opbevares utilg\u00e6ngeligt for b\u00f8rn.<\/p>\n\n\n\n<h3 class=\"wp-block-heading\">Oprindelsesland<\/h3>\n\n\n\n<p>Frankrig.<\/p>\n\n\n\n<p><\/p>","protected":false},"excerpt":{"rendered":"<p>Pig Juice 30ml poppers \u2013 intensiteit en kwaliteit sinds 1989 Pig Juice 30ml poppers is een iconisch product dat al meer dan drie decennia geliefd is bij kenners. Met een krachtige formule en een royale inhoud biedt dit product een intense en langdurige geurervaring. Ontwikkeld en geproduceerd in Frankrijk, staat Pig Juice garant voor betrouwbaarheid [&hellip;]<\/p>\n","protected":false},"featured_media":18064,"comment_status":"open","ping_status":"closed","template":"","meta":{"_acf_changed":false},"product_brand":[736],"product_cat":[35],"product_tag":[],"class_list":{"0":"post-18063","1":"product","2":"type-product","3":"status-publish","4":"has-post-thumbnail","6":"product_brand-amyl","7":"product_cat-grote-flesjes-poppers","9":"first","10":"instock","11":"taxable","12":"shipping-taxable","13":"purchasable","14":"product-type-simple"},"acf":[],"df_price":7.95,"df_sale_price":"","df_regular_price":7.95,"df_image_link":"https:\/\/poppersparadise.eu\/wp-content\/uploads\/2025\/06\/Pig-Juice-300x270.jpg","_links":{"self":[{"href":"https:\/\/poppersparadise.eu\/da\/wp-json\/wp\/v2\/product\/18063","targetHints":{"allow":["GET"]}}],"collection":[{"href":"https:\/\/poppersparadise.eu\/da\/wp-json\/wp\/v2\/product"}],"about":[{"href":"https:\/\/poppersparadise.eu\/da\/wp-json\/wp\/v2\/types\/product"}],"replies":[{"embeddable":true,"href":"https:\/\/poppersparadise.eu\/da\/wp-json\/wp\/v2\/comments?post=18063"}],"wp:featuredmedia":[{"embeddable":true,"href":"https:\/\/poppersparadise.eu\/da\/wp-json\/wp\/v2\/media\/18064"}],"wp:attachment":[{"href":"https:\/\/poppersparadise.eu\/da\/wp-json\/wp\/v2\/media?parent=18063"}],"wp:term":[{"taxonomy":"product_brand","embeddable":true,"href":"https:\/\/poppersparadise.eu\/da\/wp-json\/wp\/v2\/product_brand?post=18063"},{"taxonomy":"product_cat","embeddable":true,"href":"https:\/\/poppersparadise.eu\/da\/wp-json\/wp\/v2\/product_cat?post=18063"},{"taxonomy":"product_tag","embeddable":true,"href":"https:\/\/poppersparadise.eu\/da\/wp-json\/wp\/v2\/product_tag?post=18063"}],"curies":[{"name":"wp","href":"https:\/\/api.w.org\/{rel}","templated":true}]}}