{"id":18000,"date":"2025-06-04T20:14:32","date_gmt":"2025-06-04T18:14:32","guid":{"rendered":"https:\/\/poppersparadise.eu\/?post_type=product&#038;p=18000"},"modified":"2026-04-09T12:22:15","modified_gmt":"2026-04-09T10:22:15","slug":"twisted-beast-bator-24ml-poppers","status":"publish","type":"product","link":"https:\/\/poppersparadise.eu\/da\/product\/twisted-beast-bator-24ml-poppers\/","title":{"rendered":"Twisted Beast Bator 24ml"},"content":{"rendered":"<h2 class=\"wp-block-heading\">Twisted Beast Bator 24ml poppers - afslapning og kvalitet i \u00e9t<\/h2>\n\n\n\n<p>Twisted Beast Bator 24ml poppers er designet til dem, der leder efter en blid, men effektiv duftoplevelse. Med en isopentylnitritformel af h\u00f8j kvalitet og en praktisk 24 ml glasflaske giver dette produkt en p\u00e5lidelig og afslappende duftoplevelse. Perfekt til b\u00e5de begyndere og erfarne brugere.<\/p>\n\n\n\n<h3 class=\"wp-block-heading\">N\u00f8glefunktioner i Twisted Beast Bator<\/h3>\n\n\n\n<ul class=\"wp-block-list\">\n<li><strong>Formel af h\u00f8j kvalitet<\/strong>: Indeholder isopentylnitrit for en sk\u00e5nsom og effektiv duftoplevelse.<\/li>\n\n\n\n<li><strong>Velegnet til alle<\/strong>: Ideel til begyndere takket v\u00e6re den milde virkning.<\/li>\n\n\n\n<li><strong>Praktisk indpakning<\/strong>: Flasket i en 24 ml glasflaske til langvarig brug.<\/li>\n\n\n\n<li><strong>Engelsk kvalitet<\/strong>: Fremstillet af Twisted Beast, et m\u00e6rke, der er kendt for sin p\u00e5lidelighed.<\/li>\n<\/ul>\n\n\n\n<h3 class=\"wp-block-heading\">Hvordan bruger du Twisted Beast Bator?<\/h3>\n\n\n\n<p>Brug kun Twisted Beast Bator som duftspreder eller reng\u00f8ringsmiddel. Det er ikke egnet til menneskef\u00f8de og b\u00f8r ikke ind\u00e5ndes. Opbevar produktet p\u00e5 et k\u00f8ligt, m\u00f8rkt sted for at bevare dets kvalitet, og luk flasken t\u00e6t efter brug.<\/p>\n\n\n\n<h3 class=\"wp-block-heading\">Hvorfor Twisted Beast Bator er en favorit<\/h3>\n\n\n\n<p>Twisted Beast Bator er et popul\u00e6rt valg blandt duftspredere. Dens sk\u00e5nsomme, men effektive formel og f\u00f8rsteklasses engelske kvalitet g\u00f8r dette produkt til en favorit for dem, der \u00f8nsker en p\u00e5lidelig og afslappende duftoplevelse.<\/p>\n\n\n\n<h3 class=\"wp-block-heading\">Advarsler<\/h3>\n\n\n\n<p>Meget brandfarlig v\u00e6ske og damp (H225).<br>For\u00e5rsager hud- og \u00f8jenirritation (H315\/H319).<br>Giftig ved ind\u00e5nding (H331).<br>Ikke et l\u00e6gemiddel. Brug p\u00e5 egen risiko.<\/p>\n\n\n\n<h3 class=\"wp-block-heading\">Brug<\/h3>\n\n\n\n<p>Kun beregnet som duftspreder eller reng\u00f8ringsmiddel.<br>Ikke egnet til menneskef\u00f8de og b\u00f8r ikke ind\u00e5ndes.<\/p>\n\n\n\n<h3 class=\"wp-block-heading\">Opbevaring<\/h3>\n\n\n\n<p>Opbevares p\u00e5 et k\u00f8ligt og t\u00f8rt sted. Opbevares utilg\u00e6ngeligt for b\u00f8rn.<\/p>\n\n\n\n<h3 class=\"wp-block-heading\">Oprindelsesland<\/h3>\n\n\n\n<p>Luxembourg.<\/p>","protected":false},"excerpt":{"rendered":"<p><strong><br \/>KOMPATIBELT TILBEH\u00d8R:<\/strong><\/p>\n<ul>\n<li><a href=\"https:\/\/poppersparadise.eu\/da\/produktkategori\/tilbehor\/sniffer-lille\/\">Sniffers Small<\/a><\/li>\n<li><a href=\"https:\/\/poppersparadise.eu\/da\/product\/xtrm-poppers-holder-oval-2\/\">XTRM Poppers Holder Oval<\/a><\/li>\n<li><a href=\"https:\/\/poppersparadise.eu\/da\/product\/xtrm-poppers-keeper-large-24ml-2\/\">XTRM Poppers Keeper Large<\/a><\/li>\n<\/ul>","protected":false},"featured_media":18001,"comment_status":"open","ping_status":"closed","template":"","meta":{"_acf_changed":false},"product_brand":[580,789],"product_cat":[35],"product_tag":[],"class_list":{"0":"post-18000","1":"product","2":"type-product","3":"status-publish","4":"has-post-thumbnail","6":"product_brand-twisted-beast","7":"product_brand-uk","8":"product_cat-grote-flesjes-poppers","10":"first","11":"instock","12":"taxable","13":"shipping-taxable","14":"purchasable","15":"product-type-simple"},"acf":[],"df_price":7.5,"df_sale_price":"","df_regular_price":7.5,"df_image_link":"https:\/\/poppersparadise.eu\/wp-content\/uploads\/2025\/06\/Bator-300x300.jpg","_links":{"self":[{"href":"https:\/\/poppersparadise.eu\/da\/wp-json\/wp\/v2\/product\/18000","targetHints":{"allow":["GET"]}}],"collection":[{"href":"https:\/\/poppersparadise.eu\/da\/wp-json\/wp\/v2\/product"}],"about":[{"href":"https:\/\/poppersparadise.eu\/da\/wp-json\/wp\/v2\/types\/product"}],"replies":[{"embeddable":true,"href":"https:\/\/poppersparadise.eu\/da\/wp-json\/wp\/v2\/comments?post=18000"}],"wp:featuredmedia":[{"embeddable":true,"href":"https:\/\/poppersparadise.eu\/da\/wp-json\/wp\/v2\/media\/18001"}],"wp:attachment":[{"href":"https:\/\/poppersparadise.eu\/da\/wp-json\/wp\/v2\/media?parent=18000"}],"wp:term":[{"taxonomy":"product_brand","embeddable":true,"href":"https:\/\/poppersparadise.eu\/da\/wp-json\/wp\/v2\/product_brand?post=18000"},{"taxonomy":"product_cat","embeddable":true,"href":"https:\/\/poppersparadise.eu\/da\/wp-json\/wp\/v2\/product_cat?post=18000"},{"taxonomy":"product_tag","embeddable":true,"href":"https:\/\/poppersparadise.eu\/da\/wp-json\/wp\/v2\/product_tag?post=18000"}],"curies":[{"name":"wp","href":"https:\/\/api.w.org\/{rel}","templated":true}]}}