{"id":17934,"date":"2025-06-03T17:59:46","date_gmt":"2025-06-03T15:59:46","guid":{"rendered":"https:\/\/poppersparadise.eu\/?post_type=product&#038;p=17934"},"modified":"2026-04-08T22:42:30","modified_gmt":"2026-04-08T20:42:30","slug":"twisted-beast-gape-boy-advance-24ml-poppers","status":"publish","type":"product","link":"https:\/\/poppersparadise.eu\/da\/product\/twisted-beast-gape-boy-advance-24ml-poppers\/","title":{"rendered":"Twisted Beast Gape Boy Advance 24ml"},"content":{"rendered":"<h2 class=\"wp-block-heading\">Twisted Beast Gape Boy Advance 24ml poppers - intensitet og afslapning i \u00e9t<\/h2>\n\n\n\n<p>Twisted Beast Gape Boy Advance 24ml poppers er specielt designet til dem, der er p\u00e5 udkig efter en kraftig og langvarig duftoplevelse. Dette produkt er produceret af det britiske m\u00e6rke Twisted Beast og giver en unik duftoplevelse, der er perfekt til s\u00e6rlige \u00f8jeblikke og eventyrlystne sj\u00e6le.<\/p>\n\n\n\n<h3 class=\"wp-block-heading\">N\u00f8glefunktioner i Twisted Beast Gape Boy Advance<\/h3>\n\n\n\n<ul class=\"wp-block-list\">\n<li><strong>Kraftfuld formel<\/strong>: Designet til en langvarig og intens duftoplevelse.<\/li>\n\n\n\n<li><strong>H\u00f8j kvalitet<\/strong>: Fremstillet af Twisted Beast, et m\u00e6rke, der er kendt for sin p\u00e5lidelighed.<\/li>\n\n\n\n<li><strong>Praktisk format<\/strong>: Flasket i en 24 ml glasflaske, ideel til gentagen brug.<\/li>\n\n\n\n<li><strong>Alsidig brug<\/strong>: Passer til forskellige lejligheder og eventyr.<\/li>\n<\/ul>\n\n\n\n<h3 class=\"wp-block-heading\">Hvordan bruger man Twisted Beast Gape Boy Advance?<\/h3>\n\n\n\n<p>Brug kun Twisted Beast Gape Boy Advance som duftspreder eller reng\u00f8ringsmiddel. Det er ikke egnet til menneskef\u00f8de og m\u00e5 ikke ind\u00e5ndes. Opbevar produktet p\u00e5 et k\u00f8ligt, t\u00f8rt sted, og luk flasken t\u00e6t efter brug.<\/p>\n\n\n\n<h3 class=\"wp-block-heading\">Hvorfor Twisted Beast Gape Boy Advance er en favorit<\/h3>\n\n\n\n<p>Den kraftfulde formel og p\u00e5lideligheden af m\u00e6rket Twisted Beast g\u00f8r dette produkt til en favorit blandt elskere af intense duftspredere. Den giver en unik duftoplevelse, der er perfekt til s\u00e6rlige \u00f8jeblikke.<\/p>\n\n\n\n<h3 class=\"wp-block-heading\">Advarsler<\/h3>\n\n\n\n<p>Meget brandfarlig v\u00e6ske og damp (H225).<br>For\u00e5rsager hud- og \u00f8jenirritation (H315\/H319).<br>Giftig ved ind\u00e5nding (H331).<br>Ikke et l\u00e6gemiddel. Brug p\u00e5 egen risiko.<\/p>\n\n\n\n<h3 class=\"wp-block-heading\">Brug<\/h3>\n\n\n\n<p>Kun beregnet som duftspreder eller reng\u00f8ringsmiddel.<br>Ikke egnet til menneskef\u00f8de og b\u00f8r ikke ind\u00e5ndes.<\/p>\n\n\n\n<h3 class=\"wp-block-heading\">Opbevaring<\/h3>\n\n\n\n<p>Opbevares p\u00e5 et k\u00f8ligt og t\u00f8rt sted. Opbevares utilg\u00e6ngeligt for b\u00f8rn.<\/p>\n\n\n\n<h3 class=\"wp-block-heading\">Oprindelsesland<\/h3>\n\n\n\n<p>Luxembourg.<\/p>","protected":false},"excerpt":{"rendered":"<p><strong><br \/>KOMPATIBELT TILBEH\u00d8R:<\/strong><\/p>\n<ul>\n<li><a href=\"https:\/\/poppersparadise.eu\/da\/produktkategori\/tilbehor\/sniffer-lille\/\">Sniffers Small<\/a><\/li>\n<li><a href=\"https:\/\/poppersparadise.eu\/da\/product\/xtrm-poppers-holder-oval-2\/\">XTRM Poppers Holder Oval<\/a><\/li>\n<li><a href=\"https:\/\/poppersparadise.eu\/da\/product\/xtrm-poppers-keeper-large-24ml-2\/\">XTRM Poppers Keeper Large<\/a><\/li>\n<\/ul>","protected":false},"featured_media":17935,"comment_status":"open","ping_status":"closed","template":"","meta":{"_acf_changed":false},"product_brand":[580,789],"product_cat":[35],"product_tag":[],"class_list":{"0":"post-17934","1":"product","2":"type-product","3":"status-publish","4":"has-post-thumbnail","6":"product_brand-twisted-beast","7":"product_brand-uk","8":"product_cat-grote-flesjes-poppers","10":"first","11":"instock","12":"taxable","13":"shipping-taxable","14":"purchasable","15":"product-type-simple"},"acf":[],"df_price":7.5,"df_sale_price":"","df_regular_price":7.5,"df_image_link":"https:\/\/poppersparadise.eu\/wp-content\/uploads\/2025\/06\/gape-boy-advance-300x300.jpg","_links":{"self":[{"href":"https:\/\/poppersparadise.eu\/da\/wp-json\/wp\/v2\/product\/17934","targetHints":{"allow":["GET"]}}],"collection":[{"href":"https:\/\/poppersparadise.eu\/da\/wp-json\/wp\/v2\/product"}],"about":[{"href":"https:\/\/poppersparadise.eu\/da\/wp-json\/wp\/v2\/types\/product"}],"replies":[{"embeddable":true,"href":"https:\/\/poppersparadise.eu\/da\/wp-json\/wp\/v2\/comments?post=17934"}],"wp:featuredmedia":[{"embeddable":true,"href":"https:\/\/poppersparadise.eu\/da\/wp-json\/wp\/v2\/media\/17935"}],"wp:attachment":[{"href":"https:\/\/poppersparadise.eu\/da\/wp-json\/wp\/v2\/media?parent=17934"}],"wp:term":[{"taxonomy":"product_brand","embeddable":true,"href":"https:\/\/poppersparadise.eu\/da\/wp-json\/wp\/v2\/product_brand?post=17934"},{"taxonomy":"product_cat","embeddable":true,"href":"https:\/\/poppersparadise.eu\/da\/wp-json\/wp\/v2\/product_cat?post=17934"},{"taxonomy":"product_tag","embeddable":true,"href":"https:\/\/poppersparadise.eu\/da\/wp-json\/wp\/v2\/product_tag?post=17934"}],"curies":[{"name":"wp","href":"https:\/\/api.w.org\/{rel}","templated":true}]}}