{"id":17329,"date":"2025-05-22T16:18:06","date_gmt":"2025-05-22T14:18:06","guid":{"rendered":"https:\/\/poppersparadise.eu\/?post_type=product&#038;p=17329"},"modified":"2026-04-22T14:36:11","modified_gmt":"2026-04-22T12:36:11","slug":"amsterdam-10ml-poppers-med-adapter-kopi-2","status":"publish","type":"product","link":"https:\/\/poppersparadise.eu\/da\/product\/amsterdam-10ml-poppers-met-adapter-copy\/","title":{"rendered":"Amyl 10ml met Adapter"},"content":{"rendered":"<h2 class=\"wp-block-heading\">Amyl 10 ml poppers med adapter - innovation og elegance<\/h2>\n\n\n\n<h3 class=\"wp-block-heading\">Hvorfor v\u00e6lge Amyl 10 ml poppers med adapter?<\/h3>\n\n\n\n<p>Amyl 10 ml poppers med adapter er et innovativt valg for dem, der \u00f8nsker en sofistikeret og problemfri duftoplevelse. Denne nyeste PWD-popper blev lanceret i maj 2025 og leveres med en praktisk adapter, der g\u00f8r brugen endnu nemmere og mere effektiv. Perfekt til s\u00e6rlige \u00f8jeblikke.<\/p>\n\n\n\n<h3 class=\"wp-block-heading\">N\u00f8glefunktioner i Amyl 10 ml poppers<\/h3>\n\n\n\n<ul class=\"wp-block-list\">\n<li><strong>Innovativ adapter<\/strong>: Inkluderer gratis adapter for en brugervenlig oplevelse.<\/li>\n\n\n\n<li><strong>Formel af h\u00f8j kvalitet<\/strong>: Indeholder amylnitrit for intens duftspredning.<\/li>\n\n\n\n<li><strong>Kompakt st\u00f8rrelse<\/strong>: Flasket i en stilfuld 10 ml glasflaske, ideel til rejser.<\/li>\n\n\n\n<li><strong>Fordel ved volumen<\/strong>: Spar mere p\u00e5 st\u00f8rre ordrer.<\/li>\n<\/ul>\n\n\n\n<h3 class=\"wp-block-heading\">Hvordan bruger du Amyl 10 ml poppers?<\/h3>\n\n\n\n<p>Brug kun Amyl 10 ml poppers som duftspreder eller reng\u00f8ringsmiddel. Det er ikke egnet til menneskef\u00f8de og b\u00f8r ikke ind\u00e5ndes. Opbevar den p\u00e5 et k\u00f8ligt, t\u00f8rt sted, og luk flasken t\u00e6t efter brug.<\/p>\n\n\n\n<h3 class=\"wp-block-heading\">Hvorfor Amyl 10ml poppers er en favorit<\/h3>\n\n\n\n<p>Kombinationen af en innovativ adapter, en kraftfuld formel og en stilfuld pr\u00e6sentation g\u00f8r dette produkt til en favorit blandt duftspredere. Den giver en intens duftoplevelse, der er perfekt til s\u00e6rlige \u00f8jeblikke.<\/p>\n\n\n\n<h3 class=\"wp-block-heading\">Advarsler<\/h3>\n\n\n\n<p>Meget brandfarlig v\u00e6ske og damp (H225).<br>For\u00e5rsager hud- og \u00f8jenirritation (H315\/H319).<br>Giftig ved ind\u00e5nding (H331).<br>Ikke et l\u00e6gemiddel. Brug p\u00e5 egen risiko.<\/p>\n\n\n\n<h3 class=\"wp-block-heading\">Brug<\/h3>\n\n\n\n<p>Kun beregnet som duftspreder eller reng\u00f8ringsmiddel.<br>Ikke egnet til menneskef\u00f8de og b\u00f8r ikke ind\u00e5ndes.<\/p>\n\n\n\n<h3 class=\"wp-block-heading\">Opbevaring<\/h3>\n\n\n\n<p>Opbevares p\u00e5 et k\u00f8ligt og t\u00f8rt sted. Opbevares utilg\u00e6ngeligt for b\u00f8rn.<\/p>\n\n\n\n<h3 class=\"wp-block-heading\">Oprindelsesland<\/h3>\n\n\n\n<p>Frankrig.<\/p>","protected":false},"excerpt":{"rendered":"<p><strong> KOMPATIBELT TILBEH\u00d8R:<\/strong><\/p>\n<ul>\n<li><a href=\"https:\/\/poppersparadise.eu\/da\/produktkategori\/tilbehor\/sniffer-lille\/\">Sniffers Small<\/a><\/li>\n<li><a href=\"https:\/\/poppersparadise.eu\/da\/product\/xtrm-poppers-houder-zwart-small\/\">XTRM Poppers Holder Lille<\/a><\/li>\n<li><a href=\"https:\/\/poppersparadise.eu\/da\/product\/xtrm-poppers-keeper-small-10ml-2\/\">XTRM Poppers Keeper Small<\/a><\/li>\n<\/ul>","protected":false},"featured_media":17330,"comment_status":"open","ping_status":"closed","template":"","meta":{"_acf_changed":false},"product_brand":[736],"product_cat":[34,482],"product_tag":[],"class_list":{"0":"post-17329","1":"product","2":"type-product","3":"status-publish","4":"has-post-thumbnail","6":"product_brand-amyl","7":"product_cat-kleine-flesjes-poppers","8":"product_cat-aanbiedingen","10":"first","11":"instock","12":"sale","13":"taxable","14":"shipping-taxable","15":"purchasable","16":"product-type-simple"},"acf":[],"df_price":4.95,"df_sale_price":4.95,"df_regular_price":6.7,"df_image_link":"https:\/\/poppersparadise.eu\/wp-content\/uploads\/2025\/05\/AMYAD10-FRONT-BOX-300x300.webp","_links":{"self":[{"href":"https:\/\/poppersparadise.eu\/da\/wp-json\/wp\/v2\/product\/17329","targetHints":{"allow":["GET"]}}],"collection":[{"href":"https:\/\/poppersparadise.eu\/da\/wp-json\/wp\/v2\/product"}],"about":[{"href":"https:\/\/poppersparadise.eu\/da\/wp-json\/wp\/v2\/types\/product"}],"replies":[{"embeddable":true,"href":"https:\/\/poppersparadise.eu\/da\/wp-json\/wp\/v2\/comments?post=17329"}],"wp:featuredmedia":[{"embeddable":true,"href":"https:\/\/poppersparadise.eu\/da\/wp-json\/wp\/v2\/media\/17330"}],"wp:attachment":[{"href":"https:\/\/poppersparadise.eu\/da\/wp-json\/wp\/v2\/media?parent=17329"}],"wp:term":[{"taxonomy":"product_brand","embeddable":true,"href":"https:\/\/poppersparadise.eu\/da\/wp-json\/wp\/v2\/product_brand?post=17329"},{"taxonomy":"product_cat","embeddable":true,"href":"https:\/\/poppersparadise.eu\/da\/wp-json\/wp\/v2\/product_cat?post=17329"},{"taxonomy":"product_tag","embeddable":true,"href":"https:\/\/poppersparadise.eu\/da\/wp-json\/wp\/v2\/product_tag?post=17329"}],"curies":[{"name":"wp","href":"https:\/\/api.w.org\/{rel}","templated":true}]}}