{"id":17212,"date":"2025-05-19T22:31:49","date_gmt":"2025-05-19T20:31:49","guid":{"rendered":"https:\/\/poppersparadise.eu\/?post_type=product&#038;p=17212"},"modified":"2026-05-07T17:29:35","modified_gmt":"2026-05-07T15:29:35","slug":"twisted-beast-platinum-xxx-strong-24ml-poppers","status":"publish","type":"product","link":"https:\/\/poppersparadise.eu\/da\/product\/twisted-beast-platinum-xxx-strong-24ml-poppers\/","title":{"rendered":"Twisted Beast Platinum XXX-Strong 24ml"},"content":{"rendered":"<h2 class=\"wp-block-heading\">Twisted Beast Platinum XXX-Strong 24ml poppers - kraft og intensitet i \u00e9t<\/h2>\n\n\n\n<p>Twisted Beast Platinum XXX-Strong 24ml poppers er et st\u00e6rkt valg for dem, der er p\u00e5 udkig efter en intens og unik duftoplevelse. Med en avanceret formel og innovativ teknologi giver dette produkt en langvarig og opslugende duftoplevelse, perfekt til festglade og eventyrlystne.<\/p>\n\n\n\n<h3 class=\"wp-block-heading\">N\u00f8glefunktioner i Twisted Beast Platinum XXX-Strong<\/h3>\n\n\n\n<ul class=\"wp-block-list\">\n<li><strong>Ekstra st\u00e6rk<\/strong>: Specielt designet til kraftig duftspredning og intense \u00f8jeblikke.<\/li>\n\n\n\n<li><strong>Mega pellet-teknologi<\/strong>: Sikrer varig friskhed og maksimal styrke indtil sidste brug.<\/li>\n\n\n\n<li><strong>Avanceret formel<\/strong>: Indeholder en unik blanding af isoamylnitrit og isopropylnitrit.<\/li>\n\n\n\n<li><strong>Gener\u00f8st indhold<\/strong>: Flasket i en praktisk 24 ml glasflaske, ideel til langtidsbrug.<\/li>\n<\/ul>\n\n\n\n<h3 class=\"wp-block-heading\">Hvordan bruger du Twisted Beast Platinum XXX-Strong?<\/h3>\n\n\n\n<p>Brug kun Twisted Beast Platinum XXX-Strong som duftspreder eller reng\u00f8ringsmiddel. Det er ikke egnet til menneskef\u00f8de og m\u00e5 ikke ind\u00e5ndes. Opbevar produktet p\u00e5 et k\u00f8ligt, t\u00f8rt sted, og luk flasken t\u00e6t efter brug.<\/p>\n\n\n\n<h3 class=\"wp-block-heading\">Hvorfor Twisted Beast Platinum XXX-Strong er en favorit<\/h3>\n\n\n\n<p>Den kraftfulde formel, den innovative teknologi og det gener\u00f8se indhold g\u00f8r dette produkt til en favorit blandt duftspredere. Den giver en intens duftoplevelse, der er perfekt til s\u00e6rlige \u00f8jeblikke.<\/p>\n\n\n\n<h3 class=\"wp-block-heading\">Advarsler<\/h3>\n\n\n\n<p>Meget brandfarlig v\u00e6ske og damp (H225).<br>For\u00e5rsager hud- og \u00f8jenirritation (H315\/H319).<br>Giftig ved ind\u00e5nding (H331).<br>Ikke et l\u00e6gemiddel. Brug p\u00e5 egen risiko.<\/p>\n\n\n\n<h3 class=\"wp-block-heading\">Brug<\/h3>\n\n\n\n<p>Kun beregnet som duftspreder eller reng\u00f8ringsmiddel.<br>Ikke egnet til menneskef\u00f8de og b\u00f8r ikke ind\u00e5ndes.<\/p>\n\n\n\n<h3 class=\"wp-block-heading\">Opbevaring<\/h3>\n\n\n\n<p>Opbevares p\u00e5 et k\u00f8ligt og t\u00f8rt sted. Opbevares utilg\u00e6ngeligt for b\u00f8rn.<\/p>\n\n\n\n<h3 class=\"wp-block-heading\">Oprindelsesland<\/h3>\n\n\n\n<p>Luxembourg.<\/p>\n\n\n\n<p><\/p>","protected":false},"excerpt":{"rendered":"<p><strong><br \/>KOMPATIBELT TILBEH\u00d8R:<\/strong><\/p>\n<ul>\n<li><a href=\"https:\/\/poppersparadise.eu\/da\/produktkategori\/tilbehor\/sniffer-lille\/\">Sniffers Small<\/a><\/li>\n<li><a href=\"https:\/\/poppersparadise.eu\/da\/product\/xtrm-poppers-holder-oval-2\/\">XTRM Poppers Holder Oval<\/a><\/li>\n<li><a href=\"https:\/\/poppersparadise.eu\/da\/product\/xtrm-poppers-keeper-large-24ml-2\/\">XTRM Poppers Keeper Large<\/a><\/li>\n<\/ul>","protected":false},"featured_media":17213,"comment_status":"open","ping_status":"closed","template":"","meta":{"_acf_changed":false},"product_brand":[580,789],"product_cat":[35],"product_tag":[],"class_list":{"0":"post-17212","1":"product","2":"type-product","3":"status-publish","4":"has-post-thumbnail","6":"product_brand-twisted-beast","7":"product_brand-uk","8":"product_cat-grote-flesjes-poppers","10":"first","11":"instock","12":"taxable","13":"shipping-taxable","14":"purchasable","15":"product-type-simple"},"acf":[],"df_price":7.5,"df_sale_price":"","df_regular_price":7.5,"df_image_link":"https:\/\/poppersparadise.eu\/wp-content\/uploads\/2025\/05\/platinum-300x300.jpg","_links":{"self":[{"href":"https:\/\/poppersparadise.eu\/da\/wp-json\/wp\/v2\/product\/17212","targetHints":{"allow":["GET"]}}],"collection":[{"href":"https:\/\/poppersparadise.eu\/da\/wp-json\/wp\/v2\/product"}],"about":[{"href":"https:\/\/poppersparadise.eu\/da\/wp-json\/wp\/v2\/types\/product"}],"replies":[{"embeddable":true,"href":"https:\/\/poppersparadise.eu\/da\/wp-json\/wp\/v2\/comments?post=17212"}],"wp:featuredmedia":[{"embeddable":true,"href":"https:\/\/poppersparadise.eu\/da\/wp-json\/wp\/v2\/media\/17213"}],"wp:attachment":[{"href":"https:\/\/poppersparadise.eu\/da\/wp-json\/wp\/v2\/media?parent=17212"}],"wp:term":[{"taxonomy":"product_brand","embeddable":true,"href":"https:\/\/poppersparadise.eu\/da\/wp-json\/wp\/v2\/product_brand?post=17212"},{"taxonomy":"product_cat","embeddable":true,"href":"https:\/\/poppersparadise.eu\/da\/wp-json\/wp\/v2\/product_cat?post=17212"},{"taxonomy":"product_tag","embeddable":true,"href":"https:\/\/poppersparadise.eu\/da\/wp-json\/wp\/v2\/product_tag?post=17212"}],"curies":[{"name":"wp","href":"https:\/\/api.w.org\/{rel}","templated":true}]}}