{"id":16519,"date":"2025-04-30T13:26:44","date_gmt":"2025-04-30T11:26:44","guid":{"rendered":"https:\/\/poppersparadise.eu\/?post_type=product&#038;p=16519"},"modified":"2026-03-02T10:17:03","modified_gmt":"2026-03-02T09:17:03","slug":"fuck-fist-ultra-staerk-amyl-24ml-poppers-2","status":"publish","type":"product","link":"https:\/\/poppersparadise.eu\/da\/product\/fuck-fist-ultra-strong-amyl-24ml-poppers\/","title":{"rendered":"Fuck &amp; Fist Ultra Strong Amyl 24ml"},"content":{"rendered":"<h2 class=\"wp-block-heading\">Fuck &amp; Fist Ultra Strong Amyl 24ml poppers - kraftfulde, intense og robuste<\/h2>\n\n\n\n<p>Fuck &amp; Fist Ultra Strong Amyl 24ml poppers er specielt designet til erfarne brugere, der \u00f8nsker en kraftig duftoplevelse. Med en f\u00f8rsteklasses isoamylnitritformel og en varmebestandig aluminiumsflaske giver dette produkt en f\u00f8rsteklasses duftoplevelse, der er perfekt til intense sessioner, eventyrlige \u00f8jeblikke og lange n\u00e6tter. Ideel til dem, der ikke vil g\u00e5 p\u00e5 kompromis og er p\u00e5 udkig efter ultimativ kraft og afslapning.<\/p>\n\n\n\n<h3 class=\"wp-block-heading\">N\u00f8glefunktioner i Fuck &amp; Fist Ultra Strong Amyl 24ml<\/h3>\n\n\n\n<ul class=\"wp-block-list\">\n<li><strong>Kraftfuld formel<\/strong>: Fremstillet med isoamylnitrit for intens duftspredning.<\/li>\n\n\n\n<li><strong>B\u00e6redygtig emballage<\/strong>: Varmebestandig aluminiumsflaske, der bevarer aromaens friskhed og styrke.<\/li>\n\n\n\n<li><strong>Gener\u00f8st indhold<\/strong>: 24 ml-formatet giver langvarig brug og maksimal effekt.<\/li>\n\n\n\n<li><strong>Is\u00e6r for entusiaster<\/strong>: Designet til dem, der leder efter en r\u00e5, ufiltreret fornemmelse.<\/li>\n<\/ul>\n\n\n\n<h3 class=\"wp-block-heading\">Hvorfor Fuck &amp; Fist er en favorit<\/h3>\n\n\n\n<p>Fuck &amp; Fist Ultra Strong Amyl 24ml poppers kombinerer en kraftfuld formel med et robust og holdbart design. Produktet er elsket for sin p\u00e5lidelighed og intensitet og er et perfekt valg for dem, der er p\u00e5 udkig efter en f\u00f8rsteklasses duftoplevelse. Fuck &amp; Fist giver en unik og uforglemmelig oplevelse.<\/p>\n\n\n\n<h3 class=\"wp-block-heading\">Hvordan bruger du Fuck &amp; Fist Ultra Strong Amyl 24ml?<\/h3>\n\n\n\n<p>Brug kun Fuck &amp; Fist Ultra Strong Amyl 24ml som duftspreder eller reng\u00f8ringsmiddel. Det er ikke egnet til menneskef\u00f8de og m\u00e5 ikke ind\u00e5ndes. Opbevar produktet p\u00e5 et k\u00f8ligt, t\u00f8rt sted, og luk flasken t\u00e6t efter brug.<\/p>\n\n\n\n<h3 class=\"wp-block-heading\">Advarsler<\/h3>\n\n\n\n<ul class=\"wp-block-list\">\n<li>Meget brandfarlig v\u00e6ske og damp (H225).<\/li>\n\n\n\n<li>For\u00e5rsager hud- og \u00f8jenirritation (H315\/H319).<\/li>\n\n\n\n<li>Giftig ved ind\u00e5nding (H331).<\/li>\n\n\n\n<li>Ikke et l\u00e6gemiddel. Brug p\u00e5 egen risiko.<\/li>\n<\/ul>\n\n\n\n<h3 class=\"wp-block-heading\">Brug<\/h3>\n\n\n\n<p>Kun beregnet som duftspreder eller reng\u00f8ringsmiddel.<br>Ikke egnet til menneskef\u00f8de og b\u00f8r ikke ind\u00e5ndes.<\/p>\n\n\n\n<h3 class=\"wp-block-heading\">Opbevaring<\/h3>\n\n\n\n<p>Opbevares p\u00e5 et k\u00f8ligt og t\u00f8rt sted. Opbevares utilg\u00e6ngeligt for b\u00f8rn.<\/p>\n\n\n\n<h3 class=\"wp-block-heading\">Oprindelsesland<\/h3>\n\n\n\n<p>Frankrig.<\/p>","protected":false},"excerpt":{"rendered":"<p><strong><br \/>KOMPATIBELT TILBEH\u00d8R:<\/strong><\/p>\n<ul>\n<li><a href=\"https:\/\/poppersparadise.eu\/da\/produktkategori\/tilbehor\/sniffer-lille\/\">Sniffers Small<\/a><\/li>\n<\/ul>","protected":false},"featured_media":16520,"comment_status":"open","ping_status":"closed","template":"","meta":{"_acf_changed":false},"product_brand":[741,814],"product_cat":[35],"product_tag":[],"class_list":{"0":"post-16519","1":"product","2":"type-product","3":"status-publish","4":"has-post-thumbnail","6":"product_brand-fist","7":"product_brand-fuck-fist","8":"product_cat-grote-flesjes-poppers","10":"first","11":"instock","12":"taxable","13":"shipping-taxable","14":"purchasable","15":"product-type-simple"},"acf":[],"df_price":7.95,"df_sale_price":"","df_regular_price":7.95,"df_image_link":"https:\/\/poppersparadise.eu\/wp-content\/uploads\/2025\/04\/6150857066019-300x300.jpg","_links":{"self":[{"href":"https:\/\/poppersparadise.eu\/da\/wp-json\/wp\/v2\/product\/16519","targetHints":{"allow":["GET"]}}],"collection":[{"href":"https:\/\/poppersparadise.eu\/da\/wp-json\/wp\/v2\/product"}],"about":[{"href":"https:\/\/poppersparadise.eu\/da\/wp-json\/wp\/v2\/types\/product"}],"replies":[{"embeddable":true,"href":"https:\/\/poppersparadise.eu\/da\/wp-json\/wp\/v2\/comments?post=16519"}],"wp:featuredmedia":[{"embeddable":true,"href":"https:\/\/poppersparadise.eu\/da\/wp-json\/wp\/v2\/media\/16520"}],"wp:attachment":[{"href":"https:\/\/poppersparadise.eu\/da\/wp-json\/wp\/v2\/media?parent=16519"}],"wp:term":[{"taxonomy":"product_brand","embeddable":true,"href":"https:\/\/poppersparadise.eu\/da\/wp-json\/wp\/v2\/product_brand?post=16519"},{"taxonomy":"product_cat","embeddable":true,"href":"https:\/\/poppersparadise.eu\/da\/wp-json\/wp\/v2\/product_cat?post=16519"},{"taxonomy":"product_tag","embeddable":true,"href":"https:\/\/poppersparadise.eu\/da\/wp-json\/wp\/v2\/product_tag?post=16519"}],"curies":[{"name":"wp","href":"https:\/\/api.w.org\/{rel}","templated":true}]}}