{"id":15746,"date":"2025-03-31T15:03:14","date_gmt":"2025-03-31T13:03:14","guid":{"rendered":"https:\/\/poppersparadise.eu\/?post_type=product&#038;p=15746"},"modified":"2026-04-16T09:00:39","modified_gmt":"2026-04-16T07:00:39","slug":"amsterdam-poppers-party-pack-5-x-24ml","status":"publish","type":"product","link":"https:\/\/poppersparadise.eu\/da\/product\/amsterdam-poppers-party-pack-5-x-24ml\/","title":{"rendered":"Amsterdam Party Pack 5 x 24ml + Gratis XTRM SNFFR"},"content":{"rendered":"<h2 class=\"wp-block-heading\">Lav din egen Amsterdam Party Pack<\/h2>\n\n\n\n<p>Fuldend din duftoplevelse med Amsterdam Poppers Party Pack 5 x 24 ml! Sammens\u00e6t din egen pakke ved at v\u00e6lge fem flasker Amsterdam 24ml fra vores store udvalg. S\u00e6t et personligt pr\u00e6g med dine yndlingsvarianter, og f\u00e5 ekstra fordele med din bestilling.<\/p>\n\n\n\n<h3 class=\"wp-block-heading\">V\u00e6lg mellem f\u00f8lgende sorter:<\/h3>\n\n\n\n<ul class=\"wp-block-list\">\n<li><strong>Amsterdam 24ml<\/strong><\/li>\n\n\n\n<li><strong>Amsterdam Hardcore 24ml<\/strong><\/li>\n\n\n\n<li><strong>Amsterdam XXX Ultra Strong 24ml<\/strong><\/li>\n\n\n\n<li><strong>Amsterdam XXX Pride 24ml<\/strong><\/li>\n\n\n\n<li><strong>Amsterdam Smooth 24ml<\/strong><\/li>\n\n\n\n<li><strong>Amsterdam Black Label 24ml<\/strong><\/li>\n\n\n\n<li><strong>Amsterdam Platinum 24ml<\/strong><\/li>\n\n\n\n<li><strong>Amsterdam Ultra Gold 24ml<\/strong><\/li>\n\n\n\n<li><strong>Amsterdam Zero 24ml<\/strong><\/li>\n\n\n\n<li><strong>Amsterdam Special 24ml<\/strong><\/li>\n\n\n\n<li><strong>Amsterdam XXX Cosmic Power 24ml<\/strong><\/li>\n\n\n\n<li><strong>Amsterdam Butanol 24ml<\/strong><\/li>\n\n\n\n<li><strong>Amsterdam Gold Label 24ml<\/strong><\/li>\n\n\n\n<li><strong>Amsterdam A'Dam 24ml<\/strong><\/li>\n<\/ul>\n\n\n\n<h3 class=\"wp-block-heading\">Yderligere fordele<\/h3>\n\n\n\n<ul class=\"wp-block-list\">\n<li><strong>Gratis ekstraudstyr<\/strong>: F\u00e5 en XTRM SNFFR (til en v\u00e6rdi af 9,95 \u20ac) som gave med din bestilling.<\/li>\n\n\n\n<li><strong>Unik rabat<\/strong>: Udnyt 15% ekstra rabat pr. flaske, n\u00e5r du k\u00f8ber denne pakke.<\/li>\n<\/ul>\n\n\n\n<h3 class=\"wp-block-heading\">Hvordan fungerer det?<\/h3>\n\n\n\n<p>V\u00e6lg blot fem flasker fra listen og sammens\u00e6t din egen unikke pakke. Perfekt til at dele eller nyde alene i s\u00e6rlige \u00f8jeblikke.<\/p>\n\n\n\n<h3 class=\"wp-block-heading\">Vigtigt at vide<\/h3>\n\n\n\n<p>Brug kun disse produkter som duftspredere eller reng\u00f8ringsmidler. De er ikke egnet til menneskef\u00f8de og m\u00e5 ikke ind\u00e5ndes. Opbevar flaskerne p\u00e5 et k\u00f8ligt, m\u00f8rkt sted, og luk dem t\u00e6t efter brug.<\/p>\n\n\n\n<h3 class=\"wp-block-heading\">Advarsler<\/h3>\n\n\n\n<ul class=\"wp-block-list\">\n<li>Meget brandfarlig v\u00e6ske og damp (H225).<\/li>\n\n\n\n<li>For\u00e5rsager hud- og \u00f8jenirritation (H315\/H319).<\/li>\n\n\n\n<li>Giftig ved ind\u00e5nding (H331).<\/li>\n\n\n\n<li>Brug kun som anvist.<\/li>\n<\/ul>\n\n\n\n<h3 class=\"wp-block-heading\">Opbevaring<\/h3>\n\n\n\n<p>Opbevares p\u00e5 et k\u00f8ligt og t\u00f8rt sted. Opbevares utilg\u00e6ngeligt for b\u00f8rn.<\/p>\n\n\n\n<h3 class=\"wp-block-heading\">Oprindelsesland<\/h3>\n\n\n\n<p>EU.<\/p>\n\n\n\n<p>Sammens\u00e6t din egen Amsterdam Party Pack i dag, og opdag alsidigheden ved disse duftspredere af h\u00f8j kvalitet!<\/p>","protected":false},"excerpt":{"rendered":"<p><strong><br \/>KOMPATIBELT TILBEH\u00d8R:<\/strong><\/p>\n<ul>\n<li><a href=\"https:\/\/poppersparadise.eu\/da\/produktkategori\/tilbehor\/sniffere-store\/\">Sniffers Large<\/a><\/li>\n<li><a href=\"https:\/\/poppersparadise.eu\/da\/product\/xtrm-poppers-holder-stor\/\">XTRM Poppers Holder stor<\/a><\/li>\n<li><a href=\"https:\/\/poppersparadise.eu\/da\/product\/xtrm-poppers-keeper-large-24ml-2\/\">XTRM Poppers Keeper Large<\/a><\/li>\n<\/ul>","protected":false},"featured_media":15749,"comment_status":"open","ping_status":"closed","template":"","meta":{"_acf_changed":false},"product_brand":[735],"product_cat":[33],"product_tag":[],"class_list":{"0":"post-15746","1":"product","2":"type-product","3":"status-publish","4":"has-post-thumbnail","6":"product_brand-amsterdam","7":"product_cat-party-packs","9":"first","10":"instock","11":"sale","12":"taxable","13":"shipping-taxable","14":"purchasable","15":"product-type-composite"},"acf":[],"df_price":29.95,"df_sale_price":29.95,"df_regular_price":44.7,"df_image_link":"https:\/\/poppersparadise.eu\/wp-content\/uploads\/2025\/03\/5x-Large-Pack-Amsterdam-1-300x300.jpg","_links":{"self":[{"href":"https:\/\/poppersparadise.eu\/da\/wp-json\/wp\/v2\/product\/15746","targetHints":{"allow":["GET"]}}],"collection":[{"href":"https:\/\/poppersparadise.eu\/da\/wp-json\/wp\/v2\/product"}],"about":[{"href":"https:\/\/poppersparadise.eu\/da\/wp-json\/wp\/v2\/types\/product"}],"replies":[{"embeddable":true,"href":"https:\/\/poppersparadise.eu\/da\/wp-json\/wp\/v2\/comments?post=15746"}],"wp:featuredmedia":[{"embeddable":true,"href":"https:\/\/poppersparadise.eu\/da\/wp-json\/wp\/v2\/media\/15749"}],"wp:attachment":[{"href":"https:\/\/poppersparadise.eu\/da\/wp-json\/wp\/v2\/media?parent=15746"}],"wp:term":[{"taxonomy":"product_brand","embeddable":true,"href":"https:\/\/poppersparadise.eu\/da\/wp-json\/wp\/v2\/product_brand?post=15746"},{"taxonomy":"product_cat","embeddable":true,"href":"https:\/\/poppersparadise.eu\/da\/wp-json\/wp\/v2\/product_cat?post=15746"},{"taxonomy":"product_tag","embeddable":true,"href":"https:\/\/poppersparadise.eu\/da\/wp-json\/wp\/v2\/product_tag?post=15746"}],"curies":[{"name":"wp","href":"https:\/\/api.w.org\/{rel}","templated":true}]}}