{"id":14641,"date":"2025-02-26T09:22:55","date_gmt":"2025-02-26T08:22:55","guid":{"rendered":"https:\/\/poppersparadise.eu\/?post_type=product&#038;p=14641"},"modified":"2026-02-26T12:35:18","modified_gmt":"2026-02-26T11:35:18","slug":"xtrm-bund-morkekammer-25ml","status":"publish","type":"product","link":"https:\/\/poppersparadise.eu\/da\/product\/xtrm-bottom-darkroom-25ml\/","title":{"rendered":"XTRM Bottom Darkroom 25ml"},"content":{"rendered":"<h2 class=\"wp-block-heading\">Oplev kraften i XTRM Bottom Darkroom 25ml Poppers med en ny Pentyl-formel<\/h2>\n\n\n\n<p>Med XTRM Bottom Darkroom 25ml Poppers vil du opleve en intens duftoplevelse, specielt udviklet til dem, der s\u00f8ger langvarig kvalitet. Denne innovative pentylformel giver en kraftfuld og ensartet ydeevne uden indr\u00f8mmelser.<\/p>\n\n\n\n<h3 class=\"wp-block-heading\">Produktspecifikationer:<\/h3>\n\n\n\n<ul class=\"wp-block-list\">\n<li><strong>Innovativ Pentyl-formel<\/strong>: For en kraftig og langvarig duftoplevelse.<\/li>\n\n\n\n<li><strong>Langvarig effekt<\/strong>: Designet til maksimal brugergl\u00e6de.<\/li>\n\n\n\n<li><strong>Ekstrem dobbeltkraft<\/strong>: Takket v\u00e6re vores unikke Power Ball for optimal ydeevne.<\/li>\n\n\n\n<li><strong>H\u00f8j kvalitet<\/strong>: Som man kan forvente af XTRM, et m\u00e6rke, der er synonymt med innovation og p\u00e5lidelighed.<\/li>\n<\/ul>\n\n\n\n<p>Med den uovertrufne Pentyl-formel i XTRM Bottom Darkroom 25ml Poppers f\u00e5r du en langvarig og kraftig duftoplevelse. XTRM er kendt for sin innovation og leverer de allerbedste kvalitetsprodukter, der opfylder vores kunders behov.<\/p>\n\n\n\n<h3 class=\"wp-block-heading\">Det er vigtigt at vide:<\/h3>\n\n\n\n<p>Dette produkt er kun beregnet til brug som duftspreder eller reng\u00f8ringsmiddel. Det er ikke egnet til indtagelse eller ind\u00e5nding. Opbevar produktet p\u00e5 et k\u00f8ligt, m\u00f8rkt sted, og luk flasken t\u00e6t efter brug.<\/p>\n\n\n\n<h3 class=\"wp-block-heading\">Advarsler:<\/h3>\n\n\n\n<ul class=\"wp-block-list\">\n<li>Meget brandfarlig v\u00e6ske og damp (H225).<\/li>\n\n\n\n<li>For\u00e5rsager hud- og \u00f8jenirritation (H315\/H319).<\/li>\n\n\n\n<li>Giftig ved ind\u00e5nding (H331).<\/li>\n\n\n\n<li>Ingen medicin.<\/li>\n\n\n\n<li>Brug kun som anvist.<\/li>\n<\/ul>\n\n\n\n<h3 class=\"wp-block-heading\">Opbevaring:<\/h3>\n\n\n\n<p>Opbevares p\u00e5 et k\u00f8ligt og t\u00f8rt sted. Opbevares utilg\u00e6ngeligt for b\u00f8rn.<\/p>\n\n\n\n<h3 class=\"wp-block-heading\">Oprindelsesland:<\/h3>\n\n\n\n<p>\u00d8strig<\/p>\n\n\n\n<p><\/p>","protected":false},"excerpt":{"rendered":"<p><strong><br \/>KOMPATIBELT TILBEH\u00d8R:<\/strong><\/p>\n<ul>\n<li><a href=\"https:\/\/poppersparadise.eu\/da\/produktkategori\/tilbehor\/sniffer-lille\/\">Sniffers Small<\/a><\/li>\n<li><a href=\"https:\/\/poppersparadise.eu\/da\/product\/xtrm-poppers-holder-oval-2\/\">XTRM Poppers Holder Oval<\/a><\/li>\n<li><a href=\"https:\/\/poppersparadise.eu\/da\/product\/xtrm-poppers-keeper-large-24ml-2\/\">XTRM Poppers Keeper Large<\/a><\/li>\n<\/ul>","protected":false},"featured_media":14695,"comment_status":"open","ping_status":"closed","template":"","meta":{"_acf_changed":false},"product_brand":[752],"product_cat":[35,482],"product_tag":[],"class_list":{"0":"post-14641","1":"product","2":"type-product","3":"status-publish","4":"has-post-thumbnail","6":"product_brand-xtrm","7":"product_cat-grote-flesjes-poppers","8":"product_cat-aanbiedingen","10":"first","11":"outofstock","12":"sale","13":"taxable","14":"shipping-taxable","15":"purchasable","16":"product-type-simple"},"acf":[],"df_price":6.95,"df_sale_price":6.95,"df_regular_price":11.95,"df_image_link":"https:\/\/poppersparadise.eu\/wp-content\/uploads\/2025\/02\/XTRM-Bottom-Darkroom-25ml-300x300.jpg","_links":{"self":[{"href":"https:\/\/poppersparadise.eu\/da\/wp-json\/wp\/v2\/product\/14641","targetHints":{"allow":["GET"]}}],"collection":[{"href":"https:\/\/poppersparadise.eu\/da\/wp-json\/wp\/v2\/product"}],"about":[{"href":"https:\/\/poppersparadise.eu\/da\/wp-json\/wp\/v2\/types\/product"}],"replies":[{"embeddable":true,"href":"https:\/\/poppersparadise.eu\/da\/wp-json\/wp\/v2\/comments?post=14641"}],"wp:featuredmedia":[{"embeddable":true,"href":"https:\/\/poppersparadise.eu\/da\/wp-json\/wp\/v2\/media\/14695"}],"wp:attachment":[{"href":"https:\/\/poppersparadise.eu\/da\/wp-json\/wp\/v2\/media?parent=14641"}],"wp:term":[{"taxonomy":"product_brand","embeddable":true,"href":"https:\/\/poppersparadise.eu\/da\/wp-json\/wp\/v2\/product_brand?post=14641"},{"taxonomy":"product_cat","embeddable":true,"href":"https:\/\/poppersparadise.eu\/da\/wp-json\/wp\/v2\/product_cat?post=14641"},{"taxonomy":"product_tag","embeddable":true,"href":"https:\/\/poppersparadise.eu\/da\/wp-json\/wp\/v2\/product_tag?post=14641"}],"curies":[{"name":"wp","href":"https:\/\/api.w.org\/{rel}","templated":true}]}}