{"id":12977,"date":"2024-11-25T12:41:32","date_gmt":"2024-11-25T11:41:32","guid":{"rendered":"https:\/\/poppersparadise.eu\/?post_type=product&#038;p=12977"},"modified":"2026-02-26T12:35:14","modified_gmt":"2026-02-26T11:35:14","slug":"rush-imperial-gold-poppers-10-ml","status":"publish","type":"product","link":"https:\/\/poppersparadise.eu\/da\/product\/rush-imperial-gold-poppers-10ml\/","title":{"rendered":"Rush Imperial Gold 10ml"},"content":{"rendered":"<h2 class=\"wp-block-heading\">Rush Imperial Gold Poppers 10ml<\/h2>\n\n\n\n<p>Slip de forfriskende aromaer l\u00f8s med Rush Imperial Gold Poppers 10ml - en port til uovertruffen afslapning og forbedrede sociale oplevelser. Med en kapacitet p\u00e5 10 ml giver denne flaske nem adgang til en verden af ro og komfort, uanset om du vil slappe af efter en travl dag eller s\u00e6tte stemningen til en energisk aften i byen.<\/p>\n\n\n\n<h3 class=\"wp-block-heading\">Produktspecifikationer<\/h3>\n\n\n\n<ul class=\"wp-block-list\">\n<li><strong>Aktiv ingrediens<\/strong>: Isopentylnitrit<\/li>\n\n\n\n<li><strong>Volumen<\/strong>: 10 ml<\/li>\n<\/ul>\n\n\n\n<h3 class=\"wp-block-heading\">Fordele og funktioner<\/h3>\n\n\n\n<ul class=\"wp-block-list\">\n<li><strong>Hurtigtvirkende<\/strong>: Langvarig duftspredning for \u00f8jeblikkelig lindring.<\/li>\n\n\n\n<li><strong>Forfriskende aromaer<\/strong>: En unik blanding, der passer til enhver smag.<\/li>\n\n\n\n<li><strong>Afslapning og interaktion<\/strong>: \u00d8ger komfort og sociale interaktioner.<\/li>\n\n\n\n<li><strong>Beroligende<\/strong>: Fremmer et stressfrit og roligt milj\u00f8.<\/li>\n<\/ul>\n\n\n\n<h3 class=\"wp-block-heading\">Hvorfor v\u00e6lge Rush Imperial Gold Poppers 10ml?<\/h3>\n\n\n\n<p>Disse poppers er designet til poppers-elskere og nattelivsfans og tilbyder mere end en flygtig flugt. De kombinerer innovation med tradition, inspireret af den legendariske PWD Rush Popper. Uanset om du leder efter personlig afslapning eller en unik gave til andre elskere, giver disse poppere en oplevelse, der er v\u00e6rd at dele.<\/p>\n\n\n\n<p>Udnyt vores attraktive m\u00e6ngderabatter, og del en uforglemmelig oplevelse med venner og familie.<\/p>\n\n\n\n<h3 class=\"wp-block-heading\">Vigtigt at vide<\/h3>\n\n\n\n<p>Dette produkt er kun beregnet til brug som duftspreder eller reng\u00f8ringsmiddel. Det er ikke egnet til indtagelse eller ind\u00e5nding. Opbevar produktet p\u00e5 et k\u00f8ligt, m\u00f8rkt sted, og luk flasken t\u00e6t efter brug.<\/p>\n\n\n\n<h3 class=\"wp-block-heading\">Advarsler<\/h3>\n\n\n\n<ul class=\"wp-block-list\">\n<li>Meget brandfarlig v\u00e6ske og damp (H225).<\/li>\n\n\n\n<li>For\u00e5rsager hud- og \u00f8jenirritation (H315\/H319).<\/li>\n\n\n\n<li>Giftig ved ind\u00e5nding (H331).<\/li>\n\n\n\n<li>Ingen medicin.<\/li>\n\n\n\n<li>Brug kun som anvist.<\/li>\n<\/ul>\n\n\n\n<h3 class=\"wp-block-heading\">Opbevaring<\/h3>\n\n\n\n<p>Opbevares p\u00e5 et k\u00f8ligt og t\u00f8rt sted. Opbevares utilg\u00e6ngeligt for b\u00f8rn.<\/p>\n\n\n\n<h3 class=\"wp-block-heading\">Oprindelsesland<\/h3>\n\n\n\n<p>Frankrig<\/p>","protected":false},"excerpt":{"rendered":"<p><strong><br \/>KOMPATIBELT TILBEH\u00d8R:<\/strong><\/p>\n<ul>\n<li><a href=\"https:\/\/poppersparadise.eu\/da\/produktkategori\/tilbehor\/sniffer-lille\/\">Sniffers Small<\/a><\/li>\n<li><a href=\"https:\/\/poppersparadise.eu\/da\/product\/xtrm-poppers-houder-zwart-small\/\">XTRM Poppers Holder Lille<\/a><\/li>\n<li><a href=\"https:\/\/poppersparadise.eu\/da\/product\/xtrm-poppers-keeper-small-10ml-2\/\">XTRM Poppers Keeper Small<\/a><\/li>\n<\/ul>","protected":false},"featured_media":12982,"comment_status":"open","ping_status":"closed","template":"","meta":{"_acf_changed":false},"product_brand":[751],"product_cat":[34],"product_tag":[],"class_list":{"0":"post-12977","1":"product","2":"type-product","3":"status-publish","4":"has-post-thumbnail","6":"product_brand-rush","7":"product_cat-kleine-flesjes-poppers","9":"first","10":"instock","11":"taxable","12":"shipping-taxable","13":"purchasable","14":"product-type-simple"},"acf":[],"df_price":5.75,"df_sale_price":"","df_regular_price":5.75,"df_image_link":"https:\/\/poppersparadise.eu\/wp-content\/uploads\/2024\/11\/RIG10-300x300.webp","_links":{"self":[{"href":"https:\/\/poppersparadise.eu\/da\/wp-json\/wp\/v2\/product\/12977","targetHints":{"allow":["GET"]}}],"collection":[{"href":"https:\/\/poppersparadise.eu\/da\/wp-json\/wp\/v2\/product"}],"about":[{"href":"https:\/\/poppersparadise.eu\/da\/wp-json\/wp\/v2\/types\/product"}],"replies":[{"embeddable":true,"href":"https:\/\/poppersparadise.eu\/da\/wp-json\/wp\/v2\/comments?post=12977"}],"wp:featuredmedia":[{"embeddable":true,"href":"https:\/\/poppersparadise.eu\/da\/wp-json\/wp\/v2\/media\/12982"}],"wp:attachment":[{"href":"https:\/\/poppersparadise.eu\/da\/wp-json\/wp\/v2\/media?parent=12977"}],"wp:term":[{"taxonomy":"product_brand","embeddable":true,"href":"https:\/\/poppersparadise.eu\/da\/wp-json\/wp\/v2\/product_brand?post=12977"},{"taxonomy":"product_cat","embeddable":true,"href":"https:\/\/poppersparadise.eu\/da\/wp-json\/wp\/v2\/product_cat?post=12977"},{"taxonomy":"product_tag","embeddable":true,"href":"https:\/\/poppersparadise.eu\/da\/wp-json\/wp\/v2\/product_tag?post=12977"}],"curies":[{"name":"wp","href":"https:\/\/api.w.org\/{rel}","templated":true}]}}