{"id":12961,"date":"2024-11-25T12:05:03","date_gmt":"2024-11-25T11:05:03","guid":{"rendered":"https:\/\/poppersparadise.eu\/?post_type=product&#038;p=12961"},"modified":"2026-04-19T17:08:58","modified_gmt":"2026-04-19T15:08:58","slug":"iron-fist-black-label-poppers-10-ml-2","status":"publish","type":"product","link":"https:\/\/poppersparadise.eu\/da\/product\/iron-fist-black-label-poppers-10ml\/","title":{"rendered":"Iron Fist Black Label 10ml"},"content":{"rendered":"<h2 class=\"wp-block-heading\">Oplev f\u00f8lelsen af Iron Fist Black Label Poppers 10ml<\/h2>\n\n\n\n<p>G\u00f8r dig klar til en unik duftoplevelse med Iron Fist Black Label Poppers 10ml. Denne duftspreder er specielt designet til dem, der \u00f8nsker en intens og sofistikeret atmosf\u00e6re, og giver en kraftig og langvarig duftoplevelse.<\/p>\n\n\n\n<h3 class=\"wp-block-heading\">Hvad g\u00f8r Iron Fist til noget s\u00e6rligt?<\/h3>\n\n\n\n<ul class=\"wp-block-list\">\n<li><strong>Kraftfuld blanding<\/strong>: En unik kombination af pentylnitrit og isoamylnitrit, der giver en alsidig duftoplevelse.<\/li>\n\n\n\n<li><strong>Praktisk format<\/strong>: 10 ml i en slank metalflaske, ideel til rejser.<\/li>\n\n\n\n<li><strong>Hurtig, intens duftspredning<\/strong>: M\u00e6rk effekten inden for f\u00e5 minutter og f\u00e5 et bedre hum\u00f8r.<\/li>\n\n\n\n<li><strong>Forbedret atmosf\u00e6re<\/strong>: Skab en afslappet og s\u00e6rlig atmosf\u00e6re.<\/li>\n\n\n\n<li><strong>\u00d8konomisk brug<\/strong>: Takket v\u00e6re styrken af isoamylnitrit er der kun brug for en lille m\u00e6ngde.<\/li>\n<\/ul>\n\n\n\n<h3 class=\"wp-block-heading\">Et n\u00e6rmere kig p\u00e5 ingredienserne<\/h3>\n\n\n\n<ul class=\"wp-block-list\">\n<li><strong>Isoamylnitrit<\/strong>: Kendt for sin kraftige og langvarige duftspredning, ideel til en intens oplevelse.<\/li>\n\n\n\n<li><strong>Pentylnitrit<\/strong>: En mildere l\u00f8sning, perfekt til begyndere, med minimal risiko for bivirkninger.<\/li>\n<\/ul>\n\n\n\n<h3 class=\"wp-block-heading\">Vigtigt at vide<\/h3>\n\n\n\n<p>Dette produkt er kun beregnet til brug som duftspreder eller reng\u00f8ringsmiddel. Det er ikke egnet til indtagelse eller ind\u00e5nding. Opbevar produktet p\u00e5 et k\u00f8ligt, m\u00f8rkt sted, og luk flasken t\u00e6t efter brug.<\/p>\n\n\n\n<h3 class=\"wp-block-heading\">Advarsler<\/h3>\n\n\n\n<ul class=\"wp-block-list\">\n<li>Meget brandfarlig v\u00e6ske og damp (H225).<\/li>\n\n\n\n<li>For\u00e5rsager hud- og \u00f8jenirritation (H315\/H319).<\/li>\n\n\n\n<li>Giftig ved ind\u00e5nding (H331).<\/li>\n\n\n\n<li>Ingen medicin.<\/li>\n\n\n\n<li>Brug kun som anvist.<\/li>\n<\/ul>\n\n\n\n<h3 class=\"wp-block-heading\">Opbevaring<\/h3>\n\n\n\n<p>Opbevares p\u00e5 et k\u00f8ligt og t\u00f8rt sted. Opbevares utilg\u00e6ngeligt for b\u00f8rn.<\/p>\n\n\n\n<h3 class=\"wp-block-heading\">Oprindelsesland<\/h3>\n\n\n\n<p>Frankrig<\/p>\n\n\n\n<p><\/p>","protected":false},"excerpt":{"rendered":"<p><strong><br \/>KOMPATIBELT TILBEH\u00d8R:<\/strong><\/p>\n<ul>\n<li><a href=\"https:\/\/poppersparadise.eu\/da\/produktkategori\/tilbehor\/sniffer-lille\/\">Sniffers Small<\/a><\/li>\n<li><a href=\"https:\/\/poppersparadise.eu\/da\/product\/xtrm-poppers-houder-zwart-small\/\">XTRM Poppers Holder Lille<\/a><\/li>\n<li><a href=\"https:\/\/poppersparadise.eu\/da\/product\/xtrm-poppers-keeper-small-10ml-2\/\">XTRM Poppers Keeper Small<\/a><\/li>\n<\/ul>","protected":false},"featured_media":12962,"comment_status":"open","ping_status":"closed","template":"","meta":{"_acf_changed":false},"product_brand":[742],"product_cat":[34],"product_tag":[],"class_list":{"0":"post-12961","1":"product","2":"type-product","3":"status-publish","4":"has-post-thumbnail","6":"product_brand-iron-fist","7":"product_cat-kleine-flesjes-poppers","9":"first","10":"instock","11":"taxable","12":"shipping-taxable","13":"purchasable","14":"product-type-simple"},"acf":[],"df_price":5.75,"df_sale_price":"","df_regular_price":5.75,"df_image_link":"https:\/\/poppersparadise.eu\/wp-content\/uploads\/2024\/11\/IFBL10-300x300.webp","_links":{"self":[{"href":"https:\/\/poppersparadise.eu\/da\/wp-json\/wp\/v2\/product\/12961","targetHints":{"allow":["GET"]}}],"collection":[{"href":"https:\/\/poppersparadise.eu\/da\/wp-json\/wp\/v2\/product"}],"about":[{"href":"https:\/\/poppersparadise.eu\/da\/wp-json\/wp\/v2\/types\/product"}],"replies":[{"embeddable":true,"href":"https:\/\/poppersparadise.eu\/da\/wp-json\/wp\/v2\/comments?post=12961"}],"wp:featuredmedia":[{"embeddable":true,"href":"https:\/\/poppersparadise.eu\/da\/wp-json\/wp\/v2\/media\/12962"}],"wp:attachment":[{"href":"https:\/\/poppersparadise.eu\/da\/wp-json\/wp\/v2\/media?parent=12961"}],"wp:term":[{"taxonomy":"product_brand","embeddable":true,"href":"https:\/\/poppersparadise.eu\/da\/wp-json\/wp\/v2\/product_brand?post=12961"},{"taxonomy":"product_cat","embeddable":true,"href":"https:\/\/poppersparadise.eu\/da\/wp-json\/wp\/v2\/product_cat?post=12961"},{"taxonomy":"product_tag","embeddable":true,"href":"https:\/\/poppersparadise.eu\/da\/wp-json\/wp\/v2\/product_tag?post=12961"}],"curies":[{"name":"wp","href":"https:\/\/api.w.org\/{rel}","templated":true}]}}