{"id":12112,"date":"2024-11-01T15:52:57","date_gmt":"2024-11-01T14:52:57","guid":{"rendered":"https:\/\/poppersparadise.eu\/?post_type=product&#038;p=12112"},"modified":"2026-04-15T14:42:12","modified_gmt":"2026-04-15T12:42:12","slug":"ultramyl-poppers-24ml","status":"publish","type":"product","link":"https:\/\/poppersparadise.eu\/da\/product\/ultramyl-poppers-24ml\/","title":{"rendered":"Ultramyl 24ml"},"content":{"rendered":"<h2 class=\"wp-block-heading\">Oplev sp\u00e6ndingen med Ultramyl 24ml Poppers<\/h2>\n\n\n\n<p>Oplev den unikke duftoplevelse med Ultramyl 24ml, en duftspreder designet specielt til kendere. Denne bestseller giver en raffineret oplevelse og er perfekt til dem, der \u00f8nsker en intens og langvarig duftdiffusion.<\/p>\n\n\n\n<h3 class=\"wp-block-heading\">Frig\u00f8r kraften i avanceret formulering<\/h3>\n\n\n\n<ul class=\"wp-block-list\">\n<li><strong>Unik fornemmelse<\/strong>: Ultramyl 24ml er specielt designet til elskere af duftspredere og giver en helt unik oplevelse.<\/li>\n\n\n\n<li><strong>Forbedret oplevelse<\/strong>: En avanceret formel, der giver langvarig og kraftig duftspredning.<\/li>\n<\/ul>\n\n\n\n<h3 class=\"wp-block-heading\">Innovativt og b\u00e6redygtigt design<\/h3>\n\n\n\n<ul class=\"wp-block-list\">\n<li><strong>Holdbar glasflaske<\/strong>: Bevarer aromaens friskhed og giver holdbarhed.<\/li>\n\n\n\n<li><strong>Sikkerhedsh\u00e6tte<\/strong>: Forhindrer utilsigtet \u00e5bning for \u00f8get sikkerhed og bekvemmelighed.<\/li>\n<\/ul>\n\n\n\n<h3 class=\"wp-block-heading\">Produktspecifikationer<\/h3>\n\n\n\n<ul class=\"wp-block-list\">\n<li><strong>Aktiv ingrediens<\/strong>: Amyl<\/li>\n\n\n\n<li><strong>Indhold<\/strong>: 24 ml<\/li>\n<\/ul>\n\n\n\n<h3 class=\"wp-block-heading\">Vigtige p\u00e5mindelser om sikkerhed<\/h3>\n\n\n\n<ul class=\"wp-block-list\">\n<li>Dette produkt er kun beregnet til brug som duftspreder eller reng\u00f8ringsmiddel.<\/li>\n\n\n\n<li>Det er ikke egnet til indtagelse eller ind\u00e5nding.<\/li>\n\n\n\n<li>Undg\u00e5 direkte hudkontakt p\u00e5 grund af \u00e6tsende egenskaber.<\/li>\n\n\n\n<li>Opbevares k\u00f8ligt og m\u00f8rkt, og luk flasken t\u00e6t efter brug.<\/li>\n<\/ul>\n\n\n\n<h3 class=\"wp-block-heading\">Advarsler<\/h3>\n\n\n\n<ul class=\"wp-block-list\">\n<li>Meget brandfarlig v\u00e6ske og damp (H225)<\/li>\n\n\n\n<li>For\u00e5rsager hud- og \u00f8jenirritation (H315\/H319)<\/li>\n\n\n\n<li>Giftig ved ind\u00e5nding (H331)<\/li>\n\n\n\n<li>Ingen medicin<\/li>\n\n\n\n<li>Brug kun som anvist<\/li>\n<\/ul>\n\n\n\n<h3 class=\"wp-block-heading\">Opbevaring<\/h3>\n\n\n\n<ul class=\"wp-block-list\">\n<li>Opbevares k\u00f8ligt og t\u00f8rt.<\/li>\n\n\n\n<li>Opbevares utilg\u00e6ngeligt for b\u00f8rn.<\/li>\n<\/ul>\n\n\n\n<h3 class=\"wp-block-heading\">Oprindelsesland<\/h3>\n\n\n\n<p>Luxembourg<\/p>","protected":false},"excerpt":{"rendered":"<p><strong><br \/>KOMPATIBELT TILBEH\u00d8R:<\/strong><\/p>\n<ul>\n<li><a href=\"https:\/\/poppersparadise.eu\/da\/produktkategori\/tilbehor\/sniffere-store\/\">Sniffers Large<\/a><\/li>\n<li><a href=\"https:\/\/poppersparadise.eu\/da\/product\/xtrm-poppers-holder-stor\/\">XTRM Poppers Holder stor<\/a><\/li>\n<li><a href=\"https:\/\/poppersparadise.eu\/da\/product\/xtrm-poppers-keeper-large-24ml-2\/\">XTRM Poppers Keeper Large<\/a><\/li>\n<\/ul>","protected":false},"featured_media":12113,"comment_status":"open","ping_status":"closed","template":"","meta":{"_acf_changed":false},"product_brand":[736],"product_cat":[35],"product_tag":[],"class_list":{"0":"post-12112","1":"product","2":"type-product","3":"status-publish","4":"has-post-thumbnail","6":"product_brand-amyl","7":"product_cat-grote-flesjes-poppers","9":"first","10":"instock","11":"taxable","12":"shipping-taxable","13":"purchasable","14":"product-type-simple"},"acf":[],"df_price":6.95,"df_sale_price":"","df_regular_price":6.95,"df_image_link":"https:\/\/poppersparadise.eu\/wp-content\/uploads\/2024\/11\/AMU24-300x300.webp","_links":{"self":[{"href":"https:\/\/poppersparadise.eu\/da\/wp-json\/wp\/v2\/product\/12112","targetHints":{"allow":["GET"]}}],"collection":[{"href":"https:\/\/poppersparadise.eu\/da\/wp-json\/wp\/v2\/product"}],"about":[{"href":"https:\/\/poppersparadise.eu\/da\/wp-json\/wp\/v2\/types\/product"}],"replies":[{"embeddable":true,"href":"https:\/\/poppersparadise.eu\/da\/wp-json\/wp\/v2\/comments?post=12112"}],"wp:featuredmedia":[{"embeddable":true,"href":"https:\/\/poppersparadise.eu\/da\/wp-json\/wp\/v2\/media\/12113"}],"wp:attachment":[{"href":"https:\/\/poppersparadise.eu\/da\/wp-json\/wp\/v2\/media?parent=12112"}],"wp:term":[{"taxonomy":"product_brand","embeddable":true,"href":"https:\/\/poppersparadise.eu\/da\/wp-json\/wp\/v2\/product_brand?post=12112"},{"taxonomy":"product_cat","embeddable":true,"href":"https:\/\/poppersparadise.eu\/da\/wp-json\/wp\/v2\/product_cat?post=12112"},{"taxonomy":"product_tag","embeddable":true,"href":"https:\/\/poppersparadise.eu\/da\/wp-json\/wp\/v2\/product_tag?post=12112"}],"curies":[{"name":"wp","href":"https:\/\/api.w.org\/{rel}","templated":true}]}}